{"id":101,"date":"2014-11-11T19:31:47","date_gmt":"2014-11-11T17:31:47","guid":{"rendered":"http:\/\/www.luise-lilienthal.de\/?page_id=101"},"modified":"2018-05-25T18:47:44","modified_gmt":"2018-05-25T16:47:44","slug":"impressumdisclaimer","status":"publish","type":"page","link":"https:\/\/www.luise-lilienthal.de\/?page_id=101","title":{"rendered":"Impressum"},"content":{"rendered":"<header class=\"post-header\">\n<h2 class=\"post-title\"><\/h2>\n<\/header>\n<address>Angaben gem\u00e4\u00df \u00a7 5 TMG:<br \/>\nDr. Margit Roth<br \/>\nBlutenburgstr. 83<br \/>\n80634 M\u00fcnchen<\/address>\n<p>Kontakt:<br \/>\nMail: margit_roth (@) web.de<br \/>\nmail (@) luise-lilienthal.de<\/p>\n<p>Quelle:\u00a0<i>Impressum von\u00a0<a href=\"http:\/\/www.e-recht24.de\/\" target=\"_blank\">e-recht24.de<\/a>\u00a0speziell f\u00fcr Privatpersonen erzeugt.<\/i><\/p>\n<h2>Haftungsausschluss:<\/h2>\n<p><b>Haftung f\u00fcr Inhalte<\/b><br \/>\nDie Inhalte unserer Seiten wurden mit gr\u00f6\u00dfter Sorgfalt erstellt.<br \/>\nF\u00fcr die Richtigkeit, Vollst\u00e4ndigkeit und Aktualit\u00e4t der Inhalte k\u00f6nnen wir jedoch keine Gew\u00e4hr \u00fcbernehmen. Als Diensteanbieter sind wir gem\u00e4\u00df \u00a7 7 Abs.1 TMG f\u00fcr eigene Inhalte auf diesen Seiten nach den allgemeinen Gesetzen verantwortlich.<br \/>\nNach \u00a7\u00a7 8 bis 10 TMG sind wir als Diensteanbieter jedoch nicht verpflichtet, \u00fcbermittelte oder gespeicherte fremde Informationen zu \u00fcberwachen oder nach Umst\u00e4nden zu forschen, die auf eine rechtswidrige T\u00e4tigkeit hinweisen. Verpflichtungen zur Entfernung oder Sperrung der Nutzung von Informationen nach den allgemeinen Gesetzen bleiben hiervon unber\u00fchrt. Eine diesbez\u00fcgliche Haftung ist jedoch erst ab dem Zeitpunkt der Kenntnis einer konkreten Rechtsverletzung m\u00f6glich. Bei Bekanntwerden von entsprechenden Rechtsverletzungen werden wir diese Inhalte umgehend entfernen.<br \/>\n<b>Haftung f\u00fcr Links<\/b><br \/>\nUnser Angebot enth\u00e4lt Links zu externen Webseiten Dritter, auf deren Inhalte wir keinen Einfluss haben. Deshalb k\u00f6nnen wir f\u00fcr diese<br \/>\nfremden Inhalte auch keine Gew\u00e4hr \u00fcbernehmen. F\u00fcr die Inhalte der verlinkten Seiten ist stets der jeweilige Anbieter oder Betreiber der Seiten verantwortlich. Die verlinkten Seiten wurden zum Zeitpunkt der Verlinkung auf m\u00f6gliche Rechtsverst\u00f6\u00dfe \u00fcberpr\u00fcft. Rechtswidrige Inhalte waren zum Zeitpunkt der Verlinkung nicht erkennbar. Eine permanente inhaltliche Kontrolle der verlinkten Seiten ist jedoch ohne konkrete Anhaltspunkte einer Rechtsverletzung nicht zumutbar. Bei Bekanntwerden von Rechtsverletzungen werden wir derartige Links umgehend entfernen.<br \/>\n<b>Urheberrecht<\/b><br \/>\nDie durch die Seitenbetreiber erstellten Inhalte und Werke auf diesen Seiten unterliegen dem deutschen Urheberrecht. Die Vervielf\u00e4ltigung, Bearbeitung, Verbreitung und jede Art der Verwertung au\u00dferhalb der Grenzen des Urheberrechtes bed\u00fcrfen der schriftlichen Zustimmung des jeweiligen Autors bzw. Erstellers. Downloads und Kopien dieser Seite sind nur f\u00fcr den privaten, nicht kommerziellen Gebrauch gestattet. Soweit die Inhalte auf dieser Seite nicht vom Betreiber erstellt wurden, werden die Urheberrechte Dritter beachtet. Insbesondere werden Inhalte Dritter als solche gekennzeichnet. Sollten Sie trotzdem auf eine Urheberrechtsverletzung aufmerksam werden, bitten wir um einen entsprechenden Hinweis.<br \/>\nBei Bekanntwerden von Rechtsverletzungen werden wir derartige Inhalte umgehend entfernen.<br \/>\n<i>Quelle:\u00a0<a href=\"http:\/\/www.e-recht24.de\/muster-disclaimer.htm\" target=\"_blank\">eRecht24 Disclaimer<\/a>r<\/i><\/p>\n<h2><strong>Datenschutzerkl\u00e4rung:<\/strong><\/h2>\n<p>Mit dieser Datenschutzerkl\u00e4rung m\u00f6chte ich Sie dar\u00fcber informieren, wie ich personenbezogene Daten verarbeite. Mir ist bewusst, welche Bedeutung die Verarbeitung personenbezogener Daten f\u00fcr den betroffenen Nutzer hat und beachte dementsprechend alle einschl\u00e4gigen gesetzlichen Vorgaben. Dabei ist der Schutz Ihrer Privatsph\u00e4re f\u00fcr mich von h\u00f6chster Bedeutung. Deshalb ist das Einhalten der gesetzlichen Bestimmungen zum Datenschutz f\u00fcr mich selbstverst\u00e4ndlich.<\/p>\n<p><b>Kontakt (verantwortlich f\u00fcr Datenschutz):<\/b><br \/>\nDr. Margit Roth, Blutenburgstr. 83, 80634 M\u00fcnchen, Deutschland, 0173 &#8211; 3510946<br \/>\nmargit_roth@web.de<\/p>\n<p>Ich erhebe und verarbeite die folgenden personenbezogenen Daten \u00fcber Sie:<\/p>\n<p>\u2013 Kontaktdaten (z.B., E-Mail, Telefonnummern)<br \/>\n\u2013 Inhaltsdaten (z.B., Texteingaben, Lichtbildwerke, Videos)<br \/>\n\u2013 Nutzungsdaten (z.B., besuchte Webseiten, Interesse an Inhalten, Zugriffszeiten)<br \/>\n\u2013 Meta-\/Kommunikationsdaten (z.B., Ger\u00e4te-Informationen, IP-Adressen)<\/p>\n<p>&nbsp;<\/p>\n<p>Ich verarbeite Ihre Daten zu den folgenden Zwecken:<br \/>\n\u2013 Vertragsabwicklung<br \/>\n\u2013 Qualit\u00e4tssicherung<br \/>\n\u2013 Statistik<br \/>\n\u2013 Zurverf\u00fcgungstellung des Onlineangebotes, seiner Funktionen und Inhalte<br \/>\n\u2013 Beantwortung von Kontaktanfragen und Kommunikation mit Nutzern<br \/>\n\u2013 Sicherheitsma\u00dfnahmen<br \/>\n\u2013 Reichweitenmessung\/Marketing<\/p>\n<p>Verwendete Begrifflichkeiten:<br \/>\n\u201ePersonenbezogene Daten\u201c sind alle Informationen, die sich auf eine identifizierte oder identifizierbare nat\u00fcrliche Person (im Folgenden \u201ebetroffene Person\u201c) beziehen; als identifizierbar wird eine nat\u00fcrliche Person angesehen, die direkt oder indirekt, insbesondere mittels Zuordnung zu einer Kennung wie einem Namen, zu einer Kennnummer, zu Standortdaten, zu einer Online-Kennung (z.B. Cookie) oder zu einem oder mehreren besonderen Merkmalen identifiziert werden kann, die Ausdruck der physischen, physiologischen, genetischen, psychischen, wirtschaftlichen, kulturellen oder sozialen Identit\u00e4t dieser nat\u00fcrlichen Person sind.<br \/>\n\u201eVerarbeitung\u201c ist jeder mit oder ohne Hilfe automatisierter Verfahren ausgef\u00fchrten Vorgang oder jede solche Vorgangsreihe im Zusammenhang mit personenbezogenen Daten. Der Begriff reicht weit und umfasst praktisch jeden Umgang mit Daten.<br \/>\nAls \u201eVerantwortlicher\u201c wird die nat\u00fcrliche oder juristische Person, Beh\u00f6rde, Einrichtung oder andere Stelle, die allein oder gemeinsam mit anderen \u00fcber die Zwecke und Mittel der Verarbeitung von personenbezogenen Daten entscheidet, bezeichnet.<\/p>\n<p>Rechtsgrundlage:<br \/>\nDie Verarbeitung Ihrer Daten geschieht auf der folgenden Rechtsgrundlage:<br \/>\n\u2013 Ihre Einwilligung, Art. 6 Abs. 1 lit. a) DSGVO<br \/>\n\u2013 zur Durchf\u00fchrung eines Vertrags mit Ihnen und zur Erf\u00fcllung gesetzlicher Pflichten, Art. 6 Abs. 1 lit. b) DSGVO<br \/>\n\u2013 berechtigte Interessen, Art. 6 Abs. 1 lit. f) DSGVO (siehe unten)<\/p>\n<p>Bei der Verarbeitung Ihrer Daten verfolge ich die folgenden berechtigten Interessen:<br \/>\n\u2013 Verbesserung meines Angebots<br \/>\n\u2013 Schutz vor Missbrauch<br \/>\n\u2013 Statistik<\/p>\n<p>Zusammenarbeit mit Auftragsverarbeitern und Dritten:<br \/>\nSofern ich im Rahmen der Verarbeitung Daten gegen\u00fcber anderen Personen und Unternehmen (Auftragsverarbeitern oder Dritten) offenbaren, sie an diese \u00fcbermitteln oder ihnen sonst Zugriff auf die Daten gew\u00e4hren, erfolgt dies nur auf Grundlage einer gesetzlichen Erlaubnis (z.B. wenn eine \u00dcbermittlung der Daten an Dritte, wie an Zahlungsdienstleister, gem. Art. 6 Abs. 1 lit. b DSGVO zur Vertragserf\u00fcllung erforderlich ist), Sie eingewilligt haben, eine rechtliche Verpflichtung dies vorsieht oder auf Grundlage unserer berechtigten Interessen (z.B. beim Einsatz von Beauftragten, Webhostern, etc.).<br \/>\nSofern ich Dritte mit der Verarbeitung von Daten auf Grundlage eines sog. \u201eAuftragsverarbeitungsvertrages\u201c beauftrage, geschieht dies auf Grundlage des Art. 28 DSGVO.<\/p>\n<p>Datenquellen:<br \/>\nWir erhalten die Daten von Ihnen (einschlie\u00dflich \u00fcber die von Ihnen verwendeten Ger\u00e4te).<\/p>\n<p>Daten\u00fcbertragung in Drittl\u00e4nder:<br \/>\nEs findet eine Daten\u00fcbertragung in Drittl\u00e4nder au\u00dferhalb der Europ\u00e4ischen Union statt. Dies erfolgt auf der Grundlage gesetzlich vorgesehener vertraglicher Regelungen, die einen angemessenen Schutz Ihrer Daten sicherstellen sollen und die Sie auf Anfrage einsehen k\u00f6nnen.<\/p>\n<p>Speicherdauer:<br \/>\nIch speichere Ihre Daten,<br \/>\n\u2013 wenn Sie in die Verarbeitung eingewilligt haben h\u00f6chstens solange, bis Sie Ihre Einwilligung widerrufen,<br \/>\n\u2013 wenn ich die Daten zur Durchf\u00fchrung eines Vertrags oder zur Erf\u00fcllung gesetzlicher Pflichten ben\u00f6tige h\u00f6chstens solange, wie das Vertragsverh\u00e4ltnis mit Ihnen besteht oder gesetzliche Aufbewahrungsfristen laufen,<br \/>\n\u2013 wenn ich die Daten auf der Grundlage eines berechtigten Interesses verwende h\u00f6chstens solange, wie Ihr Interesse an einer L\u00f6schung oder Anonymisierung nicht \u00fcberwiegt.<\/p>\n<p>Rechte des Betroffenen:<br \/>\nSie haben \u2013 teilweise unter bestimmten Voraussetzungen \u2013 das Recht,<br \/>\n\u2013 Auskunft \u00fcber die Verarbeitung Ihrer Daten zu verlangen,<br \/>\n\u2013 Ihre Daten zu berichtigen,<br \/>\n\u2013 Ihre Daten l\u00f6schen oder sperren zu lassen,<br \/>\n\u2013 die Verarbeitung einschr\u00e4nken zu lassen,<br \/>\n\u2013 der Verarbeitung Ihrer Daten zu widersprechen,<br \/>\n\u2013 Ihre Daten in einem \u00fcbertragbaren Format zu erhalten und einem Dritten zu \u00fcbermitteln,<br \/>\n\u2013 Ihre Einwilligung zur Verarbeitung Ihrer Daten f\u00fcr die Zukunft zu widerrufen und<br \/>\n\u2013 sich bei der zust\u00e4ndigen Aufsichtsbeh\u00f6rde \u00fcber eine unzul\u00e4ssige Datenverarbeitung zu beschweren.<\/p>\n<p>Hosting:<br \/>\nDie von mir in Anspruch genommenen Hosting-Leistungen dienen der Zurverf\u00fcgungstellung der folgenden Leistungen: Infrastruktur- und Plattformdienstleistungen, Rechenkapazit\u00e4t, Speicherplatz und Datenbankdienste, Sicherheitsleistungen sowie technische Wartungsleistungen, die ich zum Zwecke des Betriebs dieses Onlineangebotes einsetze.<\/p>\n<p>Hierbei verarbeite ich, bzw. unser Hostinganbieter Bestandsdaten, Kontaktdaten, Inhaltsdaten, Vertragsdaten, Nutzungsdaten, Meta- und Kommunikationsdaten von Kunden, Interessenten und Besuchern dieses Onlineangebotes auf Grundlage unserer berechtigten Interessen an einer effizienten und sicheren Zurverf\u00fcgungstellung dieses Onlineangebotes gem. Art. 6 Abs. 1 lit. f DSGVO i.V.m. Art. 28 DSGVO (Abschluss Auftragsverarbeitungsvertrag).<\/p>\n<p>Erhebung von Zugriffsdaten und Logfiles:<br \/>\nIch, bzw. unser Hostinganbieter, erhebt auf Grundlage unserer berechtigten Interessen im Sinne des Art. 6 Abs. 1 lit. f. DSGVO Daten \u00fcber jeden Zugriff auf den Server, auf dem sich dieser Dienst befindet (sogenannte Serverlogfiles). Zu den Zugriffsdaten geh\u00f6ren Name der abgerufenen Webseite, Datei, Datum und Uhrzeit des Abrufs, \u00fcbertragene Datenmenge, Meldung \u00fcber erfolgreichen Abruf, Browsertyp nebst Version, das Betriebssystem des Nutzers, Referrer URL (die zuvor besuchte Seite), IP-Adresse und der anfragende Provider.<br \/>\nLogfile-Informationen werden aus Sicherheitsgr\u00fcnden (z.B. zur Aufkl\u00e4rung von Missbrauchs- oder Betrugshandlungen) f\u00fcr die Dauer von maximal 7 Tagen gespeichert und danach gel\u00f6scht. Daten, deren weitere Aufbewahrung zu Beweiszwecken erforderlich ist, sind bis zur endg\u00fcltigen Kl\u00e4rung des jeweiligen Vorfalls von der L\u00f6schung ausgenommen.<\/p>\n<p>Administration, Finanzbuchhaltung, B\u00fcroorganisation, Kontaktverwaltung:<br \/>\nIch verarbeite Daten im Rahmen von Verwaltungsaufgaben sowie Organisation meines Betriebs, Finanzbuchhaltung und Befolgung der gesetzlichen Pflichten, wie z.B. der Archivierung. Herbei verarbeite ich dieselben Daten, die ich im Rahmen der Erbringung meiner vertraglichen Leistungen verarbeite. Die Verarbeitungsgrundlagen sind Art. 6 Abs. 1 lit. c. DSGVO, Art. 6 Abs. 1 lit. f. DSGVO. Von der Verarbeitung sind Kunden, Interessenten, Gesch\u00e4ftspartner und Websitebesucher betroffen. Der Zweck und mein Interesse an der Verarbeitung liegt in der Administration, Finanzbuchhaltung, B\u00fcroorganisation, Archivierung von Daten, also Aufgaben die der Aufrechterhaltung meiner Gesch\u00e4ftst\u00e4tigkeiten, Wahrnehmung meiner Aufgaben und Erbringung meiner Leistungen dienen. Die L\u00f6schung der Daten im Hinblick auf vertragliche Leistungen und die vertragliche Kommunikation entspricht den, bei diesen Verarbeitungst\u00e4tigkeiten genannten Angaben.<\/p>\n<p>Ich offenbare oder \u00fcbermittle hierbei Daten an die Finanzverwaltung, Berater, wie z.B., Steuerberater oder Wirtschaftspr\u00fcfer sowie weitere Geb\u00fchrenstellen und Zahlungsdienstleister.<\/p>\n<p>Ferner speichere ich auf Grundlage meiner betriebswirtschaftlichen Interessen Angaben zu Lieferanten, Veranstaltern und sonstigen Gesch\u00e4ftspartnern, z.B. zwecks sp\u00e4terer Kontaktaufnahme. Diese mehrheitlich unternehmensbezogenen Daten, speichere ich grunds\u00e4tzlich dauerhaft.<\/p>\n<p>Onlinepr\u00e4senzen in sozialen Medien:<br \/>\nIch unterhalte Onlinepr\u00e4senzen innerhalb sozialer Netzwerke und Plattformen, um mit den dort aktiven Kunden, Interessenten und Nutzern kommunizieren und sie dort \u00fcber Leistungen informieren zu k\u00f6nnen. Beim Aufruf der jeweiligen Netzwerke und Plattformen gelten die Gesch\u00e4ftsbedingungen und die Datenverarbeitungsrichtlinien deren jeweiligen Betreiber.<br \/>\nSoweit nicht anders im Rahmen meiner Datenschutzerkl\u00e4rung angegeben, verarbeite ich die Daten der Nutzer sofern diese mit mir innerhalb der sozialen Netzwerke und Plattformen kommunizieren, z.B. Beitr\u00e4ge auf unseren Onlinepr\u00e4senzen verfassen oder uns Nachrichten zusenden.<\/p>\n<p>Erfordernis oder Verpflichtung zur Bereitstellung von Daten:<br \/>\nSoweit dies bei der Erhebung nicht ausdr\u00fccklich angegeben ist, ist die Bereitstellung von Daten nicht erforderlich oder verpflichtend.<\/p>\n<p>Stand dieser Datenschutzerkl\u00e4rung<br \/>\n25. Mai 2018<\/p>\n<p>Ich behalte mir vor, diese Datenschutzerkl\u00e4rung jederzeit mit Wirkung f\u00fcr die Zukunft zu \u00e4ndern.<\/p>\n<p>&nbsp;<\/p>\n","protected":false},"excerpt":{"rendered":"<p>Angaben gem\u00e4\u00df \u00a7 5 TMG: Dr. Margit Roth Blutenburgstr. 83 80634 M\u00fcnchen Kontakt: Mail: margit_roth (@) web.de mail (@) luise-lilienthal.de Quelle:\u00a0Impressum von\u00a0e-recht24.de\u00a0speziell f\u00fcr Privatpersonen erzeugt. Haftungsausschluss: Haftung f\u00fcr Inhalte Die Inhalte unserer Seiten wurden mit gr\u00f6\u00dfter Sorgfalt erstellt. F\u00fcr die Richtigkeit, Vollst\u00e4ndigkeit und Aktualit\u00e4t der Inhalte k\u00f6nnen wir jedoch keine Gew\u00e4hr \u00fcbernehmen. Als Diensteanbieter sind [&hellip;]<\/p>\n","protected":false},"author":1,"featured_media":0,"parent":0,"menu_order":0,"comment_status":"closed","ping_status":"closed","template":"","meta":{"footnotes":""},"class_list":["post-101","page","type-page","status-publish","hentry"],"_links":{"self":[{"href":"https:\/\/www.luise-lilienthal.de\/index.php?rest_route=\/wp\/v2\/pages\/101","targetHints":{"allow":["GET"]}}],"collection":[{"href":"https:\/\/www.luise-lilienthal.de\/index.php?rest_route=\/wp\/v2\/pages"}],"about":[{"href":"https:\/\/www.luise-lilienthal.de\/index.php?rest_route=\/wp\/v2\/types\/page"}],"author":[{"embeddable":true,"href":"https:\/\/www.luise-lilienthal.de\/index.php?rest_route=\/wp\/v2\/users\/1"}],"replies":[{"embeddable":true,"href":"https:\/\/www.luise-lilienthal.de\/index.php?rest_route=%2Fwp%2Fv2%2Fcomments&post=101"}],"version-history":[{"count":7,"href":"https:\/\/www.luise-lilienthal.de\/index.php?rest_route=\/wp\/v2\/pages\/101\/revisions"}],"predecessor-version":[{"id":1324,"href":"https:\/\/www.luise-lilienthal.de\/index.php?rest_route=\/wp\/v2\/pages\/101\/revisions\/1324"}],"wp:attachment":[{"href":"https:\/\/www.luise-lilienthal.de\/index.php?rest_route=%2Fwp%2Fv2%2Fmedia&parent=101"}],"curies":[{"name":"wp","href":"https:\/\/api.w.org\/{rel}","templated":true}]}}