{"id":90,"date":"2014-11-11T18:51:20","date_gmt":"2014-11-11T16:51:20","guid":{"rendered":"http:\/\/www.luise-lilienthal.de\/?page_id=90"},"modified":"2014-11-19T10:46:10","modified_gmt":"2014-11-19T08:46:10","slug":"rezepte","status":"publish","type":"page","link":"https:\/\/www.luise-lilienthal.de\/?page_id=90","title":{"rendered":"Rezepte"},"content":{"rendered":"<p><a href=\"http:\/\/www.luise-lilienthal.de\/wp-content\/uploads\/2014\/11\/DSC0297.jpg\"><img loading=\"lazy\" decoding=\"async\" class=\"alignleft size-medium wp-image-273\" src=\"http:\/\/www.luise-lilienthal.de\/wp-content\/uploads\/2014\/11\/DSC0297-300x198.jpg\" alt=\"Vielfalt\" width=\"300\" height=\"198\" srcset=\"https:\/\/www.luise-lilienthal.de\/wp-content\/uploads\/2014\/11\/DSC0297-300x198.jpg 300w, https:\/\/www.luise-lilienthal.de\/wp-content\/uploads\/2014\/11\/DSC0297-1024x678.jpg 1024w, https:\/\/www.luise-lilienthal.de\/wp-content\/uploads\/2014\/11\/DSC0297-624x413.jpg 624w\" sizes=\"auto, (max-width: 300px) 100vw, 300px\" \/><\/a>\u00a0Eigene Rezepte zu entwickeln und die Rezepte anderer Autoren und Blogger auszuprobieren, ist zwar einerseits mein Beruf, andererseits macht es mir immer noch gro\u00dfen Spa\u00df. Nat\u00fcrlich m\u00fcssen sich Beruf und Spa\u00df nicht ausschlie\u00dfen, aber mal ehrlich, in vielen F\u00e4llen ist es doch so. Der kreative Spa\u00df beim B\u00fccherschreiben ist gezwungenerma\u00dfen immer auf eine bestimmte Seitenzahl beschr\u00e4nkt, was dar\u00fcber hinaus geht, muss wieder zur\u00fcck in die Schublade &#8211; auch wenn es, zumindest meiner Meinung nach, noch so toll ist. \u00a0Ganz zu schweigen von den Geschichten, die sich um so manches Rezept ranken. Richtig bl\u00fcmerant wird es, wenn die Phantasie ein wenig zu sehr in Fahrt gekommen oder aber das Rezept nicht breitentauglich ist. Die Sch\u00e4tzchen jenseits der Buchdeckel findet ihr unter <em>Rezepte<\/em>, die Besonderheiten \u00a0unter <em>schr\u00e4g &amp; besonders<\/em>.<\/p>\n<p>Viel Spa\u00df beim Ausprobieren oder einfach nur am\u00fcsiert betrachten.<\/p>\n","protected":false},"excerpt":{"rendered":"<p>\u00a0Eigene Rezepte zu entwickeln und die Rezepte anderer Autoren und Blogger auszuprobieren, ist zwar einerseits mein Beruf, andererseits macht es mir immer noch gro\u00dfen Spa\u00df. Nat\u00fcrlich m\u00fcssen sich Beruf und Spa\u00df nicht ausschlie\u00dfen, aber mal ehrlich, in vielen F\u00e4llen ist es doch so. Der kreative Spa\u00df beim B\u00fccherschreiben ist gezwungenerma\u00dfen immer auf eine bestimmte Seitenzahl [&hellip;]<\/p>\n","protected":false},"author":1,"featured_media":0,"parent":0,"menu_order":0,"comment_status":"open","ping_status":"open","template":"","meta":{"footnotes":""},"class_list":["post-90","page","type-page","status-publish","hentry"],"_links":{"self":[{"href":"https:\/\/www.luise-lilienthal.de\/index.php?rest_route=\/wp\/v2\/pages\/90","targetHints":{"allow":["GET"]}}],"collection":[{"href":"https:\/\/www.luise-lilienthal.de\/index.php?rest_route=\/wp\/v2\/pages"}],"about":[{"href":"https:\/\/www.luise-lilienthal.de\/index.php?rest_route=\/wp\/v2\/types\/page"}],"author":[{"embeddable":true,"href":"https:\/\/www.luise-lilienthal.de\/index.php?rest_route=\/wp\/v2\/users\/1"}],"replies":[{"embeddable":true,"href":"https:\/\/www.luise-lilienthal.de\/index.php?rest_route=%2Fwp%2Fv2%2Fcomments&post=90"}],"version-history":[{"count":8,"href":"https:\/\/www.luise-lilienthal.de\/index.php?rest_route=\/wp\/v2\/pages\/90\/revisions"}],"predecessor-version":[{"id":277,"href":"https:\/\/www.luise-lilienthal.de\/index.php?rest_route=\/wp\/v2\/pages\/90\/revisions\/277"}],"wp:attachment":[{"href":"https:\/\/www.luise-lilienthal.de\/index.php?rest_route=%2Fwp%2Fv2%2Fmedia&parent=90"}],"curies":[{"name":"wp","href":"https:\/\/api.w.org\/{rel}","templated":true}]}}